{"id":614,"date":"2020-11-18T09:59:41","date_gmt":"2020-11-18T09:59:41","guid":{"rendered":"https:\/\/demo2wpopal.b-cdn.net\/triply\/?page_id=614"},"modified":"2023-08-10T22:57:18","modified_gmt":"2023-08-10T22:57:18","slug":"about-us","status":"publish","type":"page","link":"https:\/\/stargetapp.com\/es\/about-us\/","title":{"rendered":"Sobre Nosotros"},"content":{"rendered":"<div data-elementor-type=\"wp-page\" data-elementor-id=\"614\" class=\"elementor elementor-614\" data-elementor-post-type=\"page\">\n\t\t\t\t\t\t<div class=\"elementor-section elementor-top-section elementor-element elementor-element-0a9a6f3 elementor-section-stretched elementor-section-boxed elementor-section-height-default elementor-section-height-default\" data-id=\"0a9a6f3\" data-element_type=\"section\" data-e-type=\"section\" data-settings=\"{&quot;stretch_section&quot;:&quot;section-stretched&quot;,&quot;background_background&quot;:&quot;classic&quot;}\">\n\t\t\t\t\t\t<div class=\"elementor-container elementor-column-gap-no\">\n\t\t\t\t\t<div class=\"elementor-column elementor-col-100 elementor-top-column elementor-element elementor-element-208b2bf\" data-id=\"208b2bf\" data-element_type=\"column\" data-e-type=\"column\">\n\t\t\t<div class=\"elementor-widget-wrap elementor-element-populated\">\n\t\t\t\t\t\t<div class=\"elementor-element elementor-element-c67547a elementor-widget__width-initial animated-fast elementor-invisible elementor-widget elementor-widget-heading\" data-id=\"c67547a\" data-element_type=\"widget\" data-e-type=\"widget\" data-settings=\"{&quot;_animation&quot;:&quot;opal-move-up&quot;}\" data-widget_type=\"heading.default\">\n\t\t\t\t<div class=\"elementor-widget-container\">\n\t\t\t\t\t<h2 class=\"elementor-heading-title elementor-size-default\">Siente antes de ir, con starget es posible!<\/h2>\t\t\t\t<\/div>\n\t\t\t\t<\/div>\n\t\t\t\t<div class=\"elementor-element elementor-element-b1dba9f elementor-widget__width-initial elementor-widget elementor-widget-video\" data-id=\"b1dba9f\" data-element_type=\"widget\" data-e-type=\"widget\" data-settings=\"{&quot;video_type&quot;:&quot;hosted&quot;,&quot;controls&quot;:&quot;yes&quot;}\" data-widget_type=\"video.default\">\n\t\t\t\t<div class=\"elementor-widget-container\">\n\t\t\t\t\t\t\t<div class=\"e-hosted-video elementor-wrapper elementor-open-inline\">\n\t\t\t\t\t<video class=\"elementor-video\" src=\"https:\/\/stargetapp.com\/wp-content\/uploads\/2023\/08\/stargetappp.mp4\" controls=\"\" preload=\"metadata\" controlslist=\"nodownload\"><\/video>\n\t\t\t\t<\/div>\n\t\t\t\t\t\t<\/div>\n\t\t\t\t<\/div>\n\t\t\t\t<div class=\"elementor-element elementor-element-a123a2f elementor-widget__width-initial animated-fast elementor-invisible elementor-widget elementor-widget-text-editor\" data-id=\"a123a2f\" data-element_type=\"widget\" data-e-type=\"widget\" data-settings=\"{&quot;_animation&quot;:&quot;opal-move-up&quot;}\" data-widget_type=\"text-editor.default\">\n\t\t\t\t<div class=\"elementor-widget-container\">\n\t\t\t\t\t\t\t\t\t<p>Starget, tu nueva forma de descubrir los lugares, puntos de inter\u00e9s y negocios m\u00e1s especiales de Porto!<\/p><p>Siente antes de ir, con starget es posible!<\/p><p>Starget utiliza videos cortos que capturan lo que realmente sucede en un determinado lugar o negocio, de forma real y sin editar, para que puedas sentir su verdadera esencia.<\/p><p>En esta versi\u00f3n inicial de starget, podr\u00e1s encontrar una amplia muestra de negocios, d\u00f3nde comer o tomar algo, d\u00f3nde comprar un regalo especial, d\u00f3nde sumergirte en un espacio lleno de cultura local y mucho m\u00e1s!<\/p><p>Por el camino, siempre puedes parate a contemplar miradores con vistas impresionantes, visitar un monumento o pasar por alguno de los lugares m\u00e1s emblem\u00e1ticos de la ciudad.<\/p><p>Starget te lleva al lugar que elijas, adem\u00e1s te permite compartir con quien t\u00fa quieras los videos que reflejan la esencia de los stargets (targets sociales) que m\u00e1s te gusten, o seguir qualquier novedad poni\u00e9ndolo en favoritos.<\/p><p>En el futuro, se desarrollar\u00e1n funcionalidades que mejorar\u00e1n la experiencia y interacci\u00f3n del usuario y generar\u00e1n m\u00e1s valor para los negocios starget.<\/p><p>Siente la esencia, con starget es posible!<\/p>\t\t\t\t\t\t\t\t<\/div>\n\t\t\t\t<\/div>\n\t\t\t\t\t<\/div>\n\t\t<\/div>\n\t\t\t\t\t<\/div>\n\t\t<\/div>\n\t\t\t\t<\/div>","protected":false},"excerpt":{"rendered":"<p>Feel before you go, with starget it\u2019s possible! https:\/\/stargetapp.com\/wp-content\/uploads\/2023\/08\/stargetappp.mp4 Starget, your new way of discovering the most special places, points of interest and businesses in Porto! Feel before you go, with starget it&#8217;s possible! Starget uses short videos that capture what really goes on in a certain place or business, in a raw and unedited [&hellip;]<\/p>\n","protected":false},"author":1,"featured_media":0,"parent":0,"menu_order":0,"comment_status":"closed","ping_status":"closed","template":"","meta":{"inline_featured_image":false,"footnotes":""},"class_list":["post-614","page","type-page","status-publish","hentry"],"_links":{"self":[{"href":"https:\/\/stargetapp.com\/es\/wp-json\/wp\/v2\/pages\/614","targetHints":{"allow":["GET"]}}],"collection":[{"href":"https:\/\/stargetapp.com\/es\/wp-json\/wp\/v2\/pages"}],"about":[{"href":"https:\/\/stargetapp.com\/es\/wp-json\/wp\/v2\/types\/page"}],"author":[{"embeddable":true,"href":"https:\/\/stargetapp.com\/es\/wp-json\/wp\/v2\/users\/1"}],"replies":[{"embeddable":true,"href":"https:\/\/stargetapp.com\/es\/wp-json\/wp\/v2\/comments?post=614"}],"version-history":[{"count":22,"href":"https:\/\/stargetapp.com\/es\/wp-json\/wp\/v2\/pages\/614\/revisions"}],"predecessor-version":[{"id":11479,"href":"https:\/\/stargetapp.com\/es\/wp-json\/wp\/v2\/pages\/614\/revisions\/11479"}],"wp:attachment":[{"href":"https:\/\/stargetapp.com\/es\/wp-json\/wp\/v2\/media?parent=614"}],"curies":[{"name":"wp","href":"https:\/\/api.w.org\/{rel}","templated":true}]}}