{"id":614,"date":"2020-11-18T09:59:41","date_gmt":"2020-11-18T09:59:41","guid":{"rendered":"https:\/\/demo2wpopal.b-cdn.net\/triply\/?page_id=614"},"modified":"2023-08-10T22:57:18","modified_gmt":"2023-08-10T22:57:18","slug":"about-us","status":"publish","type":"page","link":"https:\/\/stargetapp.com\/pt\/about-us\/","title":{"rendered":"Sobre N\u00f3s"},"content":{"rendered":"<div data-elementor-type=\"wp-page\" data-elementor-id=\"614\" class=\"elementor elementor-614\" data-elementor-post-type=\"page\">\n\t\t\t\t\t\t<div class=\"elementor-section elementor-top-section elementor-element elementor-element-0a9a6f3 elementor-section-stretched elementor-section-boxed elementor-section-height-default elementor-section-height-default\" data-id=\"0a9a6f3\" data-element_type=\"section\" data-e-type=\"section\" data-settings=\"{&quot;stretch_section&quot;:&quot;section-stretched&quot;,&quot;background_background&quot;:&quot;classic&quot;}\">\n\t\t\t\t\t\t<div class=\"elementor-container elementor-column-gap-no\">\n\t\t\t\t\t<div class=\"elementor-column elementor-col-100 elementor-top-column elementor-element elementor-element-208b2bf\" data-id=\"208b2bf\" data-element_type=\"column\" data-e-type=\"column\">\n\t\t\t<div class=\"elementor-widget-wrap elementor-element-populated\">\n\t\t\t\t\t\t<div class=\"elementor-element elementor-element-c67547a elementor-widget__width-initial animated-fast elementor-invisible elementor-widget elementor-widget-heading\" data-id=\"c67547a\" data-element_type=\"widget\" data-e-type=\"widget\" data-settings=\"{&quot;_animation&quot;:&quot;opal-move-up&quot;}\" data-widget_type=\"heading.default\">\n\t\t\t\t<div class=\"elementor-widget-container\">\n\t\t\t\t\t<h2 class=\"elementor-heading-title elementor-size-default\">Sentir antes de ir, com a starget \u00e9 poss\u00edvel!<\/h2>\t\t\t\t<\/div>\n\t\t\t\t<\/div>\n\t\t\t\t<div class=\"elementor-element elementor-element-b1dba9f elementor-widget__width-initial elementor-widget elementor-widget-video\" data-id=\"b1dba9f\" data-element_type=\"widget\" data-e-type=\"widget\" data-settings=\"{&quot;video_type&quot;:&quot;hosted&quot;,&quot;controls&quot;:&quot;yes&quot;}\" data-widget_type=\"video.default\">\n\t\t\t\t<div class=\"elementor-widget-container\">\n\t\t\t\t\t\t\t<div class=\"e-hosted-video elementor-wrapper elementor-open-inline\">\n\t\t\t\t\t<video class=\"elementor-video\" src=\"https:\/\/stargetapp.com\/wp-content\/uploads\/2023\/08\/stargetappp.mp4\" controls=\"\" preload=\"metadata\" controlslist=\"nodownload\"><\/video>\n\t\t\t\t<\/div>\n\t\t\t\t\t\t<\/div>\n\t\t\t\t<\/div>\n\t\t\t\t<div class=\"elementor-element elementor-element-a123a2f elementor-widget__width-initial animated-fast elementor-invisible elementor-widget elementor-widget-text-editor\" data-id=\"a123a2f\" data-element_type=\"widget\" data-e-type=\"widget\" data-settings=\"{&quot;_animation&quot;:&quot;opal-move-up&quot;}\" data-widget_type=\"text-editor.default\">\n\t\t\t\t<div class=\"elementor-widget-container\">\n\t\t\t\t\t\t\t\t\t<p>Starget, a tua nova forma de descobrir os locais, pontos de interesse e neg\u00f3cios mais especiais do Porto!<\/p><p>Sentir antes de ir, com a starget \u00e9 poss\u00edvel!<\/p><p>A starget utiliza v\u00eddeos curtos que captam o que realmente se passa num determinado local ou neg\u00f3cio, de forma crua e sem edi\u00e7\u00e3o, assim, consegues sentir a sua verdadeira ess\u00eancia.<\/p><p>Nesta vers\u00e3o inicial da starget, consegues encontrar uma amostra de neg\u00f3cios diversificada, onde comer ou beber um copo, onde comprar uma prenda especial, onde sentir um espa\u00e7o repleto de cultura local e muito mais!<\/p><p>Pelo caminho, podes sempre conhecer um miradouro com vistas de cortar a respira\u00e7\u00e3o, visitar um monumento ou passar por um dos locais de refer\u00eancia da cidade.<\/p><p>A starget disp\u00f5e de funcionalidades que te levam at\u00e9 ao local que escolheste, permitem partilhar com algu\u00e9m o v\u00eddeo que espelha a ess\u00eancia daquele starget (alvo social), ou acompanhar qualquer novidade, colocando como favorito.<\/p><p>De futuro, ir\u00e3o ser desenvolvidas funcionalidades que ir\u00e3o melhorar a experi\u00eancia e intera\u00e7\u00e3o do utilizador e gerar mais valor aos neg\u00f3cios da starget.<\/p><p>Sentir a ess\u00eancia, com a starget \u00e9 poss\u00edvel!<\/p>\t\t\t\t\t\t\t\t<\/div>\n\t\t\t\t<\/div>\n\t\t\t\t\t<\/div>\n\t\t<\/div>\n\t\t\t\t\t<\/div>\n\t\t<\/div>\n\t\t\t\t<\/div>","protected":false},"excerpt":{"rendered":"<p>Feel before you go, with starget it\u2019s possible! https:\/\/stargetapp.com\/wp-content\/uploads\/2023\/08\/stargetappp.mp4 Starget, your new way of discovering the most special places, points of interest and businesses in Porto! Feel before you go, with starget it&#8217;s possible! Starget uses short videos that capture what really goes on in a certain place or business, in a raw and unedited [&hellip;]<\/p>\n","protected":false},"author":1,"featured_media":0,"parent":0,"menu_order":0,"comment_status":"closed","ping_status":"closed","template":"","meta":{"inline_featured_image":false,"footnotes":""},"class_list":["post-614","page","type-page","status-publish","hentry"],"_links":{"self":[{"href":"https:\/\/stargetapp.com\/pt\/wp-json\/wp\/v2\/pages\/614","targetHints":{"allow":["GET"]}}],"collection":[{"href":"https:\/\/stargetapp.com\/pt\/wp-json\/wp\/v2\/pages"}],"about":[{"href":"https:\/\/stargetapp.com\/pt\/wp-json\/wp\/v2\/types\/page"}],"author":[{"embeddable":true,"href":"https:\/\/stargetapp.com\/pt\/wp-json\/wp\/v2\/users\/1"}],"replies":[{"embeddable":true,"href":"https:\/\/stargetapp.com\/pt\/wp-json\/wp\/v2\/comments?post=614"}],"version-history":[{"count":22,"href":"https:\/\/stargetapp.com\/pt\/wp-json\/wp\/v2\/pages\/614\/revisions"}],"predecessor-version":[{"id":11479,"href":"https:\/\/stargetapp.com\/pt\/wp-json\/wp\/v2\/pages\/614\/revisions\/11479"}],"wp:attachment":[{"href":"https:\/\/stargetapp.com\/pt\/wp-json\/wp\/v2\/media?parent=614"}],"curies":[{"name":"wp","href":"https:\/\/api.w.org\/{rel}","templated":true}]}}